{"id":1076,"date":"2019-06-06T09:00:05","date_gmt":"2019-06-06T07:00:05","guid":{"rendered":"https:\/\/demo.wpslash.com\/woofood\/stag\/?page_id=1076"},"modified":"2023-05-23T21:37:24","modified_gmt":"2023-05-23T19:37:24","slug":"notre-carte-en-livraison-sur-le-78","status":"publish","type":"page","link":"https:\/\/chicken78.com\/commande\/notre-carte-en-livraison-sur-le-78\/","title":{"rendered":"Notre Carte"},"content":{"rendered":"\n<p><strong>Minimum de livraison<\/strong> : 13\u20ac<\/p>\n\n\n\n<p><strong><em>Zone de Livraison<\/em><\/strong> : Plaisir, Trappes, Maurepas, Jouars, Elancourt, Coigni\u00e8res, Villepreux, Les Clayes ss Bois, La Verri\u00e8re, Poissy, Carri\u00e8re ss Poissy, Villennes sur seine, Orgeval, Verneuil, Andresy, Chanteloup les Vignes, Chambourcy, Vernouillet, Versailles, Bois d&rsquo;Arcy, Guyancourt, Montigny le Bretonneux, Magny les hameaux, La celle st Cloud, Fontenay le Fleury, St Cyr l&rsquo;Ecole, Jouy en Josas, Velizy, Viroflay, Le Chesnay, Noisy le Roi, Le Port Marly, Ach\u00e8res, Rambouillet et ses alentours et St Remy-les-Chevreuses.<\/p>\n\n\n\n<p>Halal Food <strong>Certifi\u00e9e<\/strong>.<\/p>\n\n\n\n<div class=\"wp-block-buttons is-horizontal is-content-justification-center is-layout-flex wp-container-core-buttons-layout-1 wp-block-buttons-is-layout-flex\">\n<div class=\"wp-block-button\"><a class=\"wp-block-button__link has-luminous-vivid-amber-to-luminous-vivid-orange-gradient-background has-background wp-element-button\" href=\"tel:0980808332\">09 80 80 83 32<\/a><\/div>\n<\/div>\n\n\n\n<hr class=\"wp-block-separator has-css-opacity\"\/>\n\n\n\n<div class=\"wp-block-buttons is-horizontal is-content-justification-center is-layout-flex wp-container-core-buttons-layout-2 wp-block-buttons-is-layout-flex\"><\/div>\n\n\n <div class=\"woofood-accordion\"> <a class=\"collapsed\" data-toggle=\"collapse\" data-target=\"#wf-accordion-burger20gourmet\" href=\"#wf-accordion-burger20gourmet\" aria-expanded=\"false\" aria-controls=\"collapseThree\">  <div class=\"panel-heading panel-heading-title\" style=\"\n          \n              background:#0eb7bd;\n            \"\n            ><img decoding=\"async\" src=\"https:\/\/chicken78.com\/commande\/wp-content\/uploads\/2021\/08\/004-food-1.png\"\/><h4 class=\"panel-title\" style=\"color: white\">Burger Gourmet<\/h4> <div class=\"accordion-plus-icon\" >\n<i class=\"woofood-icon-plus-circled\" style=\"color: white\" ><\/i> \n<\/div>  <\/div><\/a>  <div id=\"wf-accordion-burger20gourmet\" class=\"panel-collapse collapse\" role=\"tabpanel\" aria-labelledby=\"headingThree\">\n<div class=\"panel-body\"><div class=\"woofood-products-wrapper\"><ul class=\"woofood-products\">  <li class=\"woofood-product-loop \">\n    <div class=\"product-image\">\n        <img loading=\"lazy\" decoding=\"async\" width=\"60\" height=\"60\" src=\"https:\/\/chicken78.com\/commande\/wp-content\/uploads\/2022\/04\/Classic-60x60.jpg\" class=\"attachment-woofood-accordion size-woofood-accordion wp-post-image\" alt=\"\" srcset=\"https:\/\/chicken78.com\/commande\/wp-content\/uploads\/2022\/04\/Classic-60x60.jpg 60w, https:\/\/chicken78.com\/commande\/wp-content\/uploads\/2022\/04\/Classic-300x300.jpg 300w, https:\/\/chicken78.com\/commande\/wp-content\/uploads\/2022\/04\/Classic-150x150.jpg 150w, https:\/\/chicken78.com\/commande\/wp-content\/uploads\/2022\/04\/Classic-600x600.jpg 600w, https:\/\/chicken78.com\/commande\/wp-content\/uploads\/2022\/04\/Classic-100x100.jpg 100w, https:\/\/chicken78.com\/commande\/wp-content\/uploads\/2022\/04\/Classic.jpg 700w\" sizes=\"(max-width: 60px) 100vw, 60px\" \/>  <\/div>\n    <div class=\"product-title\">\n<span>Le Classic<\/span>\n        <div class=\"product-short-descr\">\n    <span>PAIN ARTISANAL BRIOCHE, STEAK VIANDE FRAICHE, CHEDDAR, SAUCE BURGER<\/span>\n    <\/div>\n      <\/div>\n  <div class=\"product-price\">\n  <span class=\"woocommerce-Price-amount amount\"><bdi>8,00<span class=\"woocommerce-Price-currencySymbol\">&euro;<\/span><\/bdi><\/span>  <\/div>\n  <div class=\"product-button\">\n      \n    <a qv-id=\"4871\" class=\"woofood-quickview-button button\">Select<\/a>\n  \n    \n<\/div>\n<\/li>\n  <li class=\"woofood-product-loop \">\n    <div class=\"product-image\">\n        <img loading=\"lazy\" decoding=\"async\" width=\"60\" height=\"60\" src=\"https:\/\/chicken78.com\/commande\/wp-content\/uploads\/2022\/04\/Farmer-60x60.jpg\" class=\"attachment-woofood-accordion size-woofood-accordion wp-post-image\" alt=\"\" srcset=\"https:\/\/chicken78.com\/commande\/wp-content\/uploads\/2022\/04\/Farmer-60x60.jpg 60w, https:\/\/chicken78.com\/commande\/wp-content\/uploads\/2022\/04\/Farmer-300x300.jpg 300w, https:\/\/chicken78.com\/commande\/wp-content\/uploads\/2022\/04\/Farmer-150x150.jpg 150w, https:\/\/chicken78.com\/commande\/wp-content\/uploads\/2022\/04\/Farmer-600x600.jpg 600w, https:\/\/chicken78.com\/commande\/wp-content\/uploads\/2022\/04\/Farmer-100x100.jpg 100w, https:\/\/chicken78.com\/commande\/wp-content\/uploads\/2022\/04\/Farmer.jpg 700w\" sizes=\"(max-width: 60px) 100vw, 60px\" \/>  <\/div>\n    <div class=\"product-title\">\n<span>Le Farmer<\/span>\n        <div class=\"product-short-descr\">\n    <span>PAIN ARTISANAL BRIOCHE, FILET POULET CRISPY, CONFIT OIGNONS, CHEDDAR, SAUCE SALT & PEPPER<\/span>\n    <\/div>\n      <\/div>\n  <div class=\"product-price\">\n  <span class=\"woocommerce-Price-amount amount\"><bdi>8,00<span class=\"woocommerce-Price-currencySymbol\">&euro;<\/span><\/bdi><\/span>  <\/div>\n  <div class=\"product-button\">\n      \n    <a qv-id=\"4872\" class=\"woofood-quickview-button button\">Select<\/a>\n  \n    \n<\/div>\n<\/li>\n  <li class=\"woofood-product-loop \">\n    <div class=\"product-image\">\n        <img loading=\"lazy\" decoding=\"async\" width=\"60\" height=\"60\" src=\"https:\/\/chicken78.com\/commande\/wp-content\/uploads\/2022\/04\/Big-Bacon-60x60.jpg\" class=\"attachment-woofood-accordion size-woofood-accordion wp-post-image\" alt=\"\" srcset=\"https:\/\/chicken78.com\/commande\/wp-content\/uploads\/2022\/04\/Big-Bacon-60x60.jpg 60w, https:\/\/chicken78.com\/commande\/wp-content\/uploads\/2022\/04\/Big-Bacon-300x300.jpg 300w, https:\/\/chicken78.com\/commande\/wp-content\/uploads\/2022\/04\/Big-Bacon-150x150.jpg 150w, https:\/\/chicken78.com\/commande\/wp-content\/uploads\/2022\/04\/Big-Bacon-600x600.jpg 600w, https:\/\/chicken78.com\/commande\/wp-content\/uploads\/2022\/04\/Big-Bacon-100x100.jpg 100w, https:\/\/chicken78.com\/commande\/wp-content\/uploads\/2022\/04\/Big-Bacon.jpg 700w\" sizes=\"(max-width: 60px) 100vw, 60px\" \/>  <\/div>\n    <div class=\"product-title\">\n<span>Le Big Bacon<\/span>\n        <div class=\"product-short-descr\">\n    <span>PAIN ARTISANAL BRIOCHE, STEAK VIANDE FRAICHE, CHEDDAR, CONFIT OIGNONS, BACON, BBQ<\/span>\n    <\/div>\n      <\/div>\n  <div class=\"product-price\">\n  <span class=\"woocommerce-Price-amount amount\"><bdi>8,00<span class=\"woocommerce-Price-currencySymbol\">&euro;<\/span><\/bdi><\/span>  <\/div>\n  <div class=\"product-button\">\n      \n    <a qv-id=\"4873\" class=\"woofood-quickview-button button\">Select<\/a>\n  \n    \n<\/div>\n<\/li>\n<\/ul><\/div>\n<\/div>\n<\/div>\n<\/div>\n\n\n <div class=\"woofood-accordion\"> <a class=\"collapsed\" data-toggle=\"collapse\" data-target=\"#wf-accordion-burger\" href=\"#wf-accordion-burger\" aria-expanded=\"false\" aria-controls=\"collapseThree\">  <div class=\"panel-heading panel-heading-title\" style=\"\n          \n              background:#0eb7bd;\n            \"\n            ><img decoding=\"async\" src=\"https:\/\/chicken78.com\/commande\/wp-content\/uploads\/2020\/02\/burger.png\"\/><h4 class=\"panel-title\" style=\"color: white\">Burger<\/h4> <div class=\"accordion-plus-icon\" >\n<i class=\"woofood-icon-plus-circled\" style=\"color: white\" ><\/i> \n<\/div>  <\/div><\/a>  <div id=\"wf-accordion-burger\" class=\"panel-collapse collapse\" role=\"tabpanel\" aria-labelledby=\"headingThree\">\n<div class=\"panel-body\"><div class=\"woofood-products-wrapper\"><ul class=\"woofood-products\">  <li class=\"woofood-product-loop \">\n    <div class=\"product-image\">\n        <img loading=\"lazy\" decoding=\"async\" width=\"60\" height=\"60\" src=\"https:\/\/chicken78.com\/commande\/wp-content\/uploads\/2021\/10\/cheese-60x60.jpg\" class=\"attachment-woofood-accordion size-woofood-accordion wp-post-image\" alt=\"\" srcset=\"https:\/\/chicken78.com\/commande\/wp-content\/uploads\/2021\/10\/cheese-60x60.jpg 60w, https:\/\/chicken78.com\/commande\/wp-content\/uploads\/2021\/10\/cheese-300x300.jpg 300w, https:\/\/chicken78.com\/commande\/wp-content\/uploads\/2021\/10\/cheese-150x150.jpg 150w, https:\/\/chicken78.com\/commande\/wp-content\/uploads\/2021\/10\/cheese-600x600.jpg 600w, https:\/\/chicken78.com\/commande\/wp-content\/uploads\/2021\/10\/cheese-100x100.jpg 100w, https:\/\/chicken78.com\/commande\/wp-content\/uploads\/2021\/10\/cheese.jpg 700w\" sizes=\"(max-width: 60px) 100vw, 60px\" \/>  <\/div>\n    <div class=\"product-title\">\n<span>Le Cheese<\/span>\n        <div class=\"product-short-descr\">\n    <span>PAIN CHEESE, STEAK 45G, CHEDDAR, KETCHUP, MOUTARDE AMERICAINE<\/span>\n    <\/div>\n      <\/div>\n  <div class=\"product-price\">\n  <span class=\"woocommerce-Price-amount amount\"><bdi>3,00<span class=\"woocommerce-Price-currencySymbol\">&euro;<\/span><\/bdi><\/span>  <\/div>\n  <div class=\"product-button\">\n      \n    <a qv-id=\"4757\" class=\"woofood-quickview-button button\">Select<\/a>\n  \n    \n<\/div>\n<\/li>\n  <li class=\"woofood-product-loop \">\n    <div class=\"product-image\">\n        <img loading=\"lazy\" decoding=\"async\" width=\"60\" height=\"60\" src=\"https:\/\/chicken78.com\/commande\/wp-content\/uploads\/2022\/04\/giant-60x60.jpg\" class=\"attachment-woofood-accordion size-woofood-accordion wp-post-image\" alt=\"\" srcset=\"https:\/\/chicken78.com\/commande\/wp-content\/uploads\/2022\/04\/giant-60x60.jpg 60w, https:\/\/chicken78.com\/commande\/wp-content\/uploads\/2022\/04\/giant-300x300.jpg 300w, https:\/\/chicken78.com\/commande\/wp-content\/uploads\/2022\/04\/giant-150x150.jpg 150w, https:\/\/chicken78.com\/commande\/wp-content\/uploads\/2022\/04\/giant-600x600.jpg 600w, https:\/\/chicken78.com\/commande\/wp-content\/uploads\/2022\/04\/giant-100x100.jpg 100w, https:\/\/chicken78.com\/commande\/wp-content\/uploads\/2022\/04\/giant.jpg 700w\" sizes=\"(max-width: 60px) 100vw, 60px\" \/>  <\/div>\n    <div class=\"product-title\">\n<span>Le Giant<\/span>\n        <div class=\"product-short-descr\">\n    <span>PAIN BURGER, 2 STEAKS 45G, CHEDDAR, SAUCE GIANT<\/span>\n    <\/div>\n      <\/div>\n  <div class=\"product-price\">\n  <span class=\"woocommerce-Price-amount amount\"><bdi>4,50<span class=\"woocommerce-Price-currencySymbol\">&euro;<\/span><\/bdi><\/span>  <\/div>\n  <div class=\"product-button\">\n      \n    <a qv-id=\"4860\" class=\"woofood-quickview-button button\">Select<\/a>\n  \n    \n<\/div>\n<\/li>\n  <li class=\"woofood-product-loop \">\n    <div class=\"product-image\">\n        <img loading=\"lazy\" decoding=\"async\" width=\"60\" height=\"60\" src=\"https:\/\/chicken78.com\/commande\/wp-content\/uploads\/2022\/04\/chicken-burger-60x60.jpg\" class=\"attachment-woofood-accordion size-woofood-accordion wp-post-image\" alt=\"\" srcset=\"https:\/\/chicken78.com\/commande\/wp-content\/uploads\/2022\/04\/chicken-burger-60x60.jpg 60w, https:\/\/chicken78.com\/commande\/wp-content\/uploads\/2022\/04\/chicken-burger-300x300.jpg 300w, https:\/\/chicken78.com\/commande\/wp-content\/uploads\/2022\/04\/chicken-burger-150x150.jpg 150w, https:\/\/chicken78.com\/commande\/wp-content\/uploads\/2022\/04\/chicken-burger-600x600.jpg 600w, https:\/\/chicken78.com\/commande\/wp-content\/uploads\/2022\/04\/chicken-burger-100x100.jpg 100w, https:\/\/chicken78.com\/commande\/wp-content\/uploads\/2022\/04\/chicken-burger.jpg 700w\" sizes=\"(max-width: 60px) 100vw, 60px\" \/>  <\/div>\n    <div class=\"product-title\">\n<span>Le Chicken Burger<\/span>\n        <div class=\"product-short-descr\">\n    <span>PAIN AU SESAME, POULET PANE, CHEDDAR, SAUCE LEGEREMENT POIVREE<\/span>\n    <\/div>\n      <\/div>\n  <div class=\"product-price\">\n  <span class=\"woocommerce-Price-amount amount\"><bdi>5,00<span class=\"woocommerce-Price-currencySymbol\">&euro;<\/span><\/bdi><\/span>  <\/div>\n  <div class=\"product-button\">\n      \n    <a qv-id=\"4869\" class=\"woofood-quickview-button button\">Select<\/a>\n  \n    \n<\/div>\n<\/li>\n  <li class=\"woofood-product-loop \">\n    <div class=\"product-image\">\n        <img loading=\"lazy\" decoding=\"async\" width=\"60\" height=\"60\" src=\"https:\/\/chicken78.com\/commande\/wp-content\/uploads\/2022\/04\/DZ-Burger-60x60.jpg\" class=\"attachment-woofood-accordion size-woofood-accordion wp-post-image\" alt=\"\" srcset=\"https:\/\/chicken78.com\/commande\/wp-content\/uploads\/2022\/04\/DZ-Burger-60x60.jpg 60w, https:\/\/chicken78.com\/commande\/wp-content\/uploads\/2022\/04\/DZ-Burger-300x300.jpg 300w, https:\/\/chicken78.com\/commande\/wp-content\/uploads\/2022\/04\/DZ-Burger-150x150.jpg 150w, https:\/\/chicken78.com\/commande\/wp-content\/uploads\/2022\/04\/DZ-Burger-600x600.jpg 600w, https:\/\/chicken78.com\/commande\/wp-content\/uploads\/2022\/04\/DZ-Burger-100x100.jpg 100w, https:\/\/chicken78.com\/commande\/wp-content\/uploads\/2022\/04\/DZ-Burger.jpg 700w\" sizes=\"(max-width: 60px) 100vw, 60px\" \/>  <\/div>\n    <div class=\"product-title\">\n<span>Le DZ Burger<\/span>\n        <div class=\"product-short-descr\">\n    <span>PAIN AU SESAME, STEAK 90G, CHEDDAR, SAUCE ALGERIENNE<\/span>\n    <\/div>\n      <\/div>\n  <div class=\"product-price\">\n  <span class=\"woocommerce-Price-amount amount\"><bdi>5,00<span class=\"woocommerce-Price-currencySymbol\">&euro;<\/span><\/bdi><\/span>  <\/div>\n  <div class=\"product-button\">\n      \n    <a qv-id=\"4870\" class=\"woofood-quickview-button button\">Select<\/a>\n  \n    \n<\/div>\n<\/li>\n<\/ul><\/div>\n<\/div>\n<\/div>\n<\/div>\n\n\n <div class=\"woofood-accordion\"> <a class=\"collapsed\" data-toggle=\"collapse\" data-target=\"#wf-accordion-tortilla\" href=\"#wf-accordion-tortilla\" aria-expanded=\"false\" aria-controls=\"collapseThree\">  <div class=\"panel-heading panel-heading-title\" style=\"\n          \n              background:#0eb7bd;\n            \"\n            ><img decoding=\"async\" src=\"https:\/\/chicken78.com\/commande\/wp-content\/uploads\/2020\/02\/sandwich.png\"\/><h4 class=\"panel-title\" style=\"color: white\">Tortilla<\/h4> <div class=\"accordion-plus-icon\" >\n<i class=\"woofood-icon-plus-circled\" style=\"color: white\" ><\/i> \n<\/div>  <\/div><\/a>  <div id=\"wf-accordion-tortilla\" class=\"panel-collapse collapse\" role=\"tabpanel\" aria-labelledby=\"headingThree\">\n<div class=\"panel-body\"><div class=\"woofood-products-wrapper\"><ul class=\"woofood-products\">  <li class=\"woofood-product-loop \">\n    <div class=\"product-image\">\n        <img loading=\"lazy\" decoding=\"async\" width=\"60\" height=\"60\" src=\"https:\/\/chicken78.com\/commande\/wp-content\/uploads\/2021\/10\/tortilla-tenders-60x60.jpg\" class=\"attachment-woofood-accordion size-woofood-accordion wp-post-image\" alt=\"Tortilla tenders\" srcset=\"https:\/\/chicken78.com\/commande\/wp-content\/uploads\/2021\/10\/tortilla-tenders-60x60.jpg 60w, https:\/\/chicken78.com\/commande\/wp-content\/uploads\/2021\/10\/tortilla-tenders-300x300.jpg 300w, https:\/\/chicken78.com\/commande\/wp-content\/uploads\/2021\/10\/tortilla-tenders-150x150.jpg 150w, https:\/\/chicken78.com\/commande\/wp-content\/uploads\/2021\/10\/tortilla-tenders-600x600.jpg 600w, https:\/\/chicken78.com\/commande\/wp-content\/uploads\/2021\/10\/tortilla-tenders-100x100.jpg 100w, https:\/\/chicken78.com\/commande\/wp-content\/uploads\/2021\/10\/tortilla-tenders.jpg 700w\" sizes=\"(max-width: 60px) 100vw, 60px\" \/>  <\/div>\n    <div class=\"product-title\">\n<span>La Tortilla Steak<\/span>\n        <div class=\"product-short-descr\">\n    <span>3 STEAKS 45G, CHEDDAR, BACON, SAUCE BIGGY<\/span>\n    <\/div>\n      <\/div>\n  <div class=\"product-price\">\n  <span class=\"woocommerce-Price-amount amount\"><bdi>6,00<span class=\"woocommerce-Price-currencySymbol\">&euro;<\/span><\/bdi><\/span>  <\/div>\n  <div class=\"product-button\">\n      \n    <a qv-id=\"4758\" class=\"woofood-quickview-button button\">Select<\/a>\n  \n    \n<\/div>\n<\/li>\n  <li class=\"woofood-product-loop \">\n    <div class=\"product-image\">\n        <img loading=\"lazy\" decoding=\"async\" width=\"60\" height=\"60\" src=\"https:\/\/chicken78.com\/commande\/wp-content\/uploads\/2021\/10\/tortilla-boursin-60x60.jpg\" class=\"attachment-woofood-accordion size-woofood-accordion wp-post-image\" alt=\"\" srcset=\"https:\/\/chicken78.com\/commande\/wp-content\/uploads\/2021\/10\/tortilla-boursin-60x60.jpg 60w, https:\/\/chicken78.com\/commande\/wp-content\/uploads\/2021\/10\/tortilla-boursin-300x300.jpg 300w, https:\/\/chicken78.com\/commande\/wp-content\/uploads\/2021\/10\/tortilla-boursin-150x150.jpg 150w, https:\/\/chicken78.com\/commande\/wp-content\/uploads\/2021\/10\/tortilla-boursin-600x600.jpg 600w, https:\/\/chicken78.com\/commande\/wp-content\/uploads\/2021\/10\/tortilla-boursin-100x100.jpg 100w, https:\/\/chicken78.com\/commande\/wp-content\/uploads\/2021\/10\/tortilla-boursin.jpg 700w\" sizes=\"(max-width: 60px) 100vw, 60px\" \/>  <\/div>\n    <div class=\"product-title\">\n<span>La Tortilla Poulet<\/span>\n        <div class=\"product-short-descr\">\n    <span>POULET MARINE SAUCE BOURSIN<\/span>\n    <\/div>\n      <\/div>\n  <div class=\"product-price\">\n  <span class=\"woocommerce-Price-amount amount\"><bdi>6,00<span class=\"woocommerce-Price-currencySymbol\">&euro;<\/span><\/bdi><\/span>  <\/div>\n  <div class=\"product-button\">\n      \n    <a qv-id=\"4759\" class=\"woofood-quickview-button button\">Select<\/a>\n  \n    \n<\/div>\n<\/li>\n<\/ul><\/div>\n<\/div>\n<\/div>\n<\/div>\n\n\n <div class=\"woofood-accordion\"> <a class=\"collapsed\" data-toggle=\"collapse\" data-target=\"#wf-accordion-dessert\" href=\"#wf-accordion-dessert\" aria-expanded=\"false\" aria-controls=\"collapseThree\">  <div class=\"panel-heading panel-heading-title\" style=\"\n          \n              background:#0eb7bd;\n            \"\n            ><img decoding=\"async\" src=\"https:\/\/chicken78.com\/commande\/wp-content\/uploads\/2020\/02\/dessert.png\"\/><h4 class=\"panel-title\" style=\"color: white\">Dessert<\/h4> <div class=\"accordion-plus-icon\" >\n<i class=\"woofood-icon-plus-circled\" style=\"color: white\" ><\/i> \n<\/div>  <\/div><\/a>  <div id=\"wf-accordion-dessert\" class=\"panel-collapse collapse\" role=\"tabpanel\" aria-labelledby=\"headingThree\">\n<div class=\"panel-body\"><div class=\"woofood-products-wrapper\"><ul class=\"woofood-products\">  <li class=\"woofood-product-loop \">\n    <div class=\"product-image\">\n        <img loading=\"lazy\" decoding=\"async\" width=\"60\" height=\"60\" src=\"https:\/\/chicken78.com\/commande\/wp-content\/uploads\/2021\/10\/tiramisus-60x60.jpg\" class=\"attachment-woofood-accordion size-woofood-accordion wp-post-image\" alt=\"\" srcset=\"https:\/\/chicken78.com\/commande\/wp-content\/uploads\/2021\/10\/tiramisus-60x60.jpg 60w, https:\/\/chicken78.com\/commande\/wp-content\/uploads\/2021\/10\/tiramisus-300x300.jpg 300w, https:\/\/chicken78.com\/commande\/wp-content\/uploads\/2021\/10\/tiramisus-150x150.jpg 150w, https:\/\/chicken78.com\/commande\/wp-content\/uploads\/2021\/10\/tiramisus-600x600.jpg 600w, https:\/\/chicken78.com\/commande\/wp-content\/uploads\/2021\/10\/tiramisus-100x100.jpg 100w, https:\/\/chicken78.com\/commande\/wp-content\/uploads\/2021\/10\/tiramisus.jpg 700w\" sizes=\"(max-width: 60px) 100vw, 60px\" \/>  <\/div>\n    <div class=\"product-title\">\n<span>Tiramisu<\/span>\n        <div class=\"product-short-descr\">\n    <span>Plusieurs recettes disponible<\/span>\n    <\/div>\n      <\/div>\n  <div class=\"product-price\">\n  <span class=\"woocommerce-Price-amount amount\"><bdi>3,00<span class=\"woocommerce-Price-currencySymbol\">&euro;<\/span><\/bdi><\/span>  <\/div>\n  <div class=\"product-button\">\n      \n    <a qv-id=\"4760\" class=\"woofood-quickview-button button\">Select<\/a>\n  \n    \n<\/div>\n<\/li>\n  <li class=\"woofood-product-loop \">\n    <div class=\"product-image\">\n        <img loading=\"lazy\" decoding=\"async\" width=\"60\" height=\"60\" src=\"https:\/\/chicken78.com\/commande\/wp-content\/uploads\/2021\/10\/tarte-aux-Daims-60x60.jpg\" class=\"attachment-woofood-accordion size-woofood-accordion wp-post-image\" alt=\"Tarte aux Daims\" srcset=\"https:\/\/chicken78.com\/commande\/wp-content\/uploads\/2021\/10\/tarte-aux-Daims-60x60.jpg 60w, https:\/\/chicken78.com\/commande\/wp-content\/uploads\/2021\/10\/tarte-aux-Daims-300x300.jpg 300w, https:\/\/chicken78.com\/commande\/wp-content\/uploads\/2021\/10\/tarte-aux-Daims-150x150.jpg 150w, https:\/\/chicken78.com\/commande\/wp-content\/uploads\/2021\/10\/tarte-aux-Daims-600x600.jpg 600w, https:\/\/chicken78.com\/commande\/wp-content\/uploads\/2021\/10\/tarte-aux-Daims-100x100.jpg 100w, https:\/\/chicken78.com\/commande\/wp-content\/uploads\/2021\/10\/tarte-aux-Daims.jpg 700w\" sizes=\"(max-width: 60px) 100vw, 60px\" \/>  <\/div>\n    <div class=\"product-title\">\n<span>Tarte aux Daims<\/span>\n        <div class=\"product-short-descr\">\n    <span><\/span>\n    <\/div>\n      <\/div>\n  <div class=\"product-price\">\n  <span class=\"woocommerce-Price-amount amount\"><bdi>3,00<span class=\"woocommerce-Price-currencySymbol\">&euro;<\/span><\/bdi><\/span>  <\/div>\n  <div class=\"product-button\">\n      \n    <a qv-id=\"4761\" class=\"woofood-quickview-button button\">Select<\/a>\n  \n    \n<\/div>\n<\/li>\n<\/ul><\/div>\n<\/div>\n<\/div>\n<\/div>\n\n\n <div class=\"woofood-accordion\"> <a class=\"collapsed\" data-toggle=\"collapse\" data-target=\"#wf-accordion-boisson\" href=\"#wf-accordion-boisson\" aria-expanded=\"false\" aria-controls=\"collapseThree\">  <div class=\"panel-heading panel-heading-title\" style=\"\n          \n              background:#0eb7bd;\n            \"\n            ><img decoding=\"async\" src=\"https:\/\/chicken78.com\/commande\/wp-content\/uploads\/2020\/02\/boisson.png\"\/><h4 class=\"panel-title\" style=\"color: white\">Boisson<\/h4> <div class=\"accordion-plus-icon\" >\n<i class=\"woofood-icon-plus-circled\" style=\"color: white\" ><\/i> \n<\/div>  <\/div><\/a>  <div id=\"wf-accordion-boisson\" class=\"panel-collapse collapse\" role=\"tabpanel\" aria-labelledby=\"headingThree\">\n<div class=\"panel-body\"><div class=\"woofood-products-wrapper\"><ul class=\"woofood-products\">  <li class=\"woofood-product-loop \">\n    <div class=\"product-image\">\n        <img loading=\"lazy\" decoding=\"async\" width=\"60\" height=\"60\" src=\"https:\/\/chicken78.com\/commande\/wp-content\/uploads\/2021\/10\/boisson-60x60.jpg\" class=\"attachment-woofood-accordion size-woofood-accordion wp-post-image\" alt=\"\" srcset=\"https:\/\/chicken78.com\/commande\/wp-content\/uploads\/2021\/10\/boisson-60x60.jpg 60w, https:\/\/chicken78.com\/commande\/wp-content\/uploads\/2021\/10\/boisson-300x300.jpg 300w, https:\/\/chicken78.com\/commande\/wp-content\/uploads\/2021\/10\/boisson-150x150.jpg 150w, https:\/\/chicken78.com\/commande\/wp-content\/uploads\/2021\/10\/boisson-600x600.jpg 600w, https:\/\/chicken78.com\/commande\/wp-content\/uploads\/2021\/10\/boisson-100x100.jpg 100w, https:\/\/chicken78.com\/commande\/wp-content\/uploads\/2021\/10\/boisson.jpg 700w\" sizes=\"(max-width: 60px) 100vw, 60px\" \/>  <\/div>\n    <div class=\"product-title\">\n<span>Boisson 33cl<\/span>\n        <div class=\"product-short-descr\">\n    <span>Plusieurs marques disponible.<\/span>\n    <\/div>\n      <\/div>\n  <div class=\"product-price\">\n  <span class=\"woocommerce-Price-amount amount\"><bdi>1,50<span class=\"woocommerce-Price-currencySymbol\">&euro;<\/span><\/bdi><\/span>  <\/div>\n  <div class=\"product-button\">\n      \n    <a qv-id=\"4762\" class=\"woofood-quickview-button button\">Select<\/a>\n  \n    \n<\/div>\n<\/li>\n<\/ul><\/div>\n<\/div>\n<\/div>\n<\/div>\n","protected":false},"excerpt":{"rendered":"<p>Minimum de livraison : 13\u20ac Zone de Livraison : Plaisir, Trappes, Maurepas, Jouars, Elancourt, Coigni\u00e8res, Villepreux, Les Clayes ss Bois, La Verri\u00e8re, Poissy, Carri\u00e8re ss Poissy, Villennes sur seine, Orgeval, Verneuil, Andresy, Chanteloup les Vignes, Chambourcy, Vernouillet, Versailles, Bois d&rsquo;Arcy, Guyancourt, Montigny le Bretonneux, Magny les hameaux, La celle st Cloud, Fontenay le Fleury, St [&hellip;]<\/p>\n","protected":false},"author":1,"featured_media":0,"parent":0,"menu_order":0,"comment_status":"closed","ping_status":"closed","template":"","meta":{"footnotes":""},"_links":{"self":[{"href":"https:\/\/chicken78.com\/commande\/wp-json\/wp\/v2\/pages\/1076"}],"collection":[{"href":"https:\/\/chicken78.com\/commande\/wp-json\/wp\/v2\/pages"}],"about":[{"href":"https:\/\/chicken78.com\/commande\/wp-json\/wp\/v2\/types\/page"}],"author":[{"embeddable":true,"href":"https:\/\/chicken78.com\/commande\/wp-json\/wp\/v2\/users\/1"}],"replies":[{"embeddable":true,"href":"https:\/\/chicken78.com\/commande\/wp-json\/wp\/v2\/comments?post=1076"}],"version-history":[{"count":21,"href":"https:\/\/chicken78.com\/commande\/wp-json\/wp\/v2\/pages\/1076\/revisions"}],"predecessor-version":[{"id":4927,"href":"https:\/\/chicken78.com\/commande\/wp-json\/wp\/v2\/pages\/1076\/revisions\/4927"}],"wp:attachment":[{"href":"https:\/\/chicken78.com\/commande\/wp-json\/wp\/v2\/media?parent=1076"}],"curies":[{"name":"wp","href":"https:\/\/api.w.org\/{rel}","templated":true}]}}