{"id":4858,"date":"2022-04-23T16:46:45","date_gmt":"2022-04-23T14:46:45","guid":{"rendered":"https:\/\/chicken78.com\/commande\/?page_id=4858"},"modified":"2023-05-23T21:31:21","modified_gmt":"2023-05-23T19:31:21","slug":"choisissez-votre-secteur","status":"publish","type":"page","link":"https:\/\/chicken78.com\/commande\/","title":{"rendered":"Choisissez Votre secteur"},"content":{"rendered":"\n<p>Regardez dans quelle zone se trouve votre ville puis cliquez sur \u00ab\u00a0VOIR LA CARTE\u00a0\u00bb ou sur le bouton avec le num\u00e9ro de t\u00e9l\u00e9phone pour contacter directement notre service, merci !<\/p>\n\n\n\n<div class=\"wp-block-buttons is-content-justification-center is-layout-flex wp-container-core-buttons-layout-1 wp-block-buttons-is-layout-flex\">\n<div class=\"wp-block-button\"><a class=\"wp-block-button__link has-vivid-cyan-blue-to-vivid-purple-gradient-background has-background wp-element-button\" href=\"tel:0980808332\">09 80 80 83 32<\/a><\/div>\n<\/div>\n\n\n\n<figure class=\"wp-block-table\"><table><tbody><tr><td class=\"has-text-align-center\" data-align=\"center\"><strong>Zone 1<\/strong> (13\u20ac de minimum de commande)<br>Livraison (seule) : Entre 5 et 15min<\/td><\/tr><tr><td class=\"has-text-align-center\" data-align=\"center\">Le V\u00e9sinet<br>Croissy<br>Chatou<br>Carri\u00e8res-sur-Seine<br>Montesson<br>Le Mesnil-le-Roi<br>St-Germain-en-Laye<br>Fourqueux<br>Mareil-Marly<br>L&rsquo;Etang-la-Ville<br>Marly-le-Roi<br>Louveciennes<br>Bougival<br>Reuil-Malmaison<br>Nanterre<\/td><\/tr><\/tbody><\/table><\/figure>\n\n\n\n<div class=\"wp-block-buttons is-content-justification-center is-layout-flex wp-container-core-buttons-layout-2 wp-block-buttons-is-layout-flex\">\n<div class=\"wp-block-button\"><a class=\"wp-block-button__link has-luminous-vivid-orange-to-vivid-red-gradient-background has-background wp-element-button\" href=\"https:\/\/chicken78.com\/commande\/la-carte\/\">VOIR LA CARTE<\/a><\/div>\n<\/div>\n\n\n\n<hr class=\"wp-block-separator has-css-opacity\"\/>\n\n\n\n<figure class=\"wp-block-table\"><table><tbody><tr><td class=\"has-text-align-center\" data-align=\"center\"><strong>Zone <\/strong>2 (13\u20ac de minimum de commande)<br>Livraison en Carfood<\/td><\/tr><tr><td class=\"has-text-align-center\" data-align=\"center\">Plaisir<br>Trappes<br>Maurepas<br>Jouars<br>Elancourt<br> Coigni\u00e8res<br>Villepreux<br>Les Clayes ss Bois<br>La Verri\u00e8re<br>Poissy<br>Carri\u00e8re ss Poissy<br> Villennes sur seine<br>Orgeval<br>Verneuil<br>Andresy<br>Chanteloup les Vignes<br>Chambourcy<br>Vernouillet<br>Versailles<br>Bois d&rsquo;Arcy<br>Guyancourt<br>Montigny le Bretonneux<br>Magny les hameaux<br>La celle st Cloud<br>Fontenay le Fleury<br>St Cyr l&rsquo;Ecole<br>Jouy en Josas<br>Velizy<br>Viroflay<br>Le Chesnay<br>Noisy le Roi<br>Le Port Marly<br>Ach\u00e8res<br>Rambouillet et ses alentours <br>St Remy-les-Chevreuses<\/td><\/tr><\/tbody><\/table><\/figure>\n\n\n\n<div class=\"wp-block-buttons is-content-justification-center is-layout-flex wp-container-core-buttons-layout-3 wp-block-buttons-is-layout-flex\">\n<div class=\"wp-block-button\"><a class=\"wp-block-button__link has-luminous-vivid-orange-to-vivid-red-gradient-background has-background wp-element-button\" href=\"https:\/\/chicken78.com\/commande\/notre-carte-en-livraison-sur-le-78\/\">VOIR LA CARTE<\/a><\/div>\n<\/div>\n\n\n\n<hr class=\"wp-block-separator has-css-opacity\"\/>\n\n\n\n<div class=\"wp-block-buttons is-content-justification-center is-layout-flex wp-container-core-buttons-layout-4 wp-block-buttons-is-layout-flex\">\n<div class=\"wp-block-button\"><a class=\"wp-block-button__link has-vivid-cyan-blue-to-vivid-purple-gradient-background has-background wp-element-button\" href=\"tel:0980808332\">09 80 80 83 32<\/a><\/div>\n<\/div>\n","protected":false},"excerpt":{"rendered":"<p>Regardez dans quelle zone se trouve votre ville puis cliquez sur \u00ab\u00a0VOIR LA CARTE\u00a0\u00bb ou sur le bouton avec le num\u00e9ro de t\u00e9l\u00e9phone pour contacter directement notre service, merci ! Zone 1 (13\u20ac de minimum de commande)Livraison (seule) : Entre 5 et 15min Le V\u00e9sinetCroissyChatouCarri\u00e8res-sur-SeineMontessonLe Mesnil-le-RoiSt-Germain-en-LayeFourqueuxMareil-MarlyL&rsquo;Etang-la-VilleMarly-le-RoiLouveciennesBougivalReuil-MalmaisonNanterre Zone 2 (13\u20ac de minimum de commande)Livraison en Carfood [&hellip;]<\/p>\n","protected":false},"author":1,"featured_media":0,"parent":0,"menu_order":0,"comment_status":"closed","ping_status":"closed","template":"","meta":{"footnotes":""},"_links":{"self":[{"href":"https:\/\/chicken78.com\/commande\/wp-json\/wp\/v2\/pages\/4858"}],"collection":[{"href":"https:\/\/chicken78.com\/commande\/wp-json\/wp\/v2\/pages"}],"about":[{"href":"https:\/\/chicken78.com\/commande\/wp-json\/wp\/v2\/types\/page"}],"author":[{"embeddable":true,"href":"https:\/\/chicken78.com\/commande\/wp-json\/wp\/v2\/users\/1"}],"replies":[{"embeddable":true,"href":"https:\/\/chicken78.com\/commande\/wp-json\/wp\/v2\/comments?post=4858"}],"version-history":[{"count":3,"href":"https:\/\/chicken78.com\/commande\/wp-json\/wp\/v2\/pages\/4858\/revisions"}],"predecessor-version":[{"id":4923,"href":"https:\/\/chicken78.com\/commande\/wp-json\/wp\/v2\/pages\/4858\/revisions\/4923"}],"wp:attachment":[{"href":"https:\/\/chicken78.com\/commande\/wp-json\/wp\/v2\/media?parent=4858"}],"curies":[{"name":"wp","href":"https:\/\/api.w.org\/{rel}","templated":true}]}}